{"id":67,"date":"2024-08-06T11:58:13","date_gmt":"2024-08-06T11:58:13","guid":{"rendered":"https:\/\/planinarika.com\/?page_id=67"},"modified":"2025-08-13T17:05:07","modified_gmt":"2025-08-13T17:05:07","slug":"pravilnik","status":"publish","type":"page","link":"https:\/\/planinarika.com\/?page_id=67","title":{"rendered":"Pravilnik"},"content":{"rendered":"[et_pb_section fb_built=&#8221;1&#8243; custom_padding_last_edited=&#8221;off|desktop&#8221; next_background_color=&#8221;#fbfcfd&#8221; admin_label=&#8221;Header&#8221; _builder_version=&#8221;4.24.2&#8243; use_background_color_gradient=&#8221;on&#8221; background_color_gradient_stops=&#8221;rgba(38,45,63,0.67) 0%|#262d3f 100%&#8221; background_color_gradient_overlays_image=&#8221;on&#8221; background_color_gradient_start=&#8221;rgba(38,45,63,0.67)&#8221; background_color_gradient_end=&#8221;#262d3f&#8221; background_image=&#8221;https:\/\/planinarika.com\/wp-content\/uploads\/2024\/08\/FB-cover.jpg&#8221; custom_padding=&#8221;10vw||10vw||true|false&#8221; custom_padding_tablet=&#8221;170px||50px|&#8221; bottom_divider_style=&#8221;ramp&#8221; bottom_divider_height=&#8221;6vw&#8221; bottom_divider_flip=&#8221;horizontal&#8221; global_colors_info=&#8221;{}&#8221;][et_pb_row _builder_version=&#8221;4.16&#8243; global_colors_info=&#8221;{}&#8221;][et_pb_column type=&#8221;4_4&#8243; _builder_version=&#8221;4.16&#8243; custom_padding=&#8221;|||&#8221; global_colors_info=&#8221;{}&#8221; custom_padding__hover=&#8221;|||&#8221;][et_pb_divider color=&#8221;rgba(149,173,193,0.24)&#8221; divider_weight=&#8221;100px&#8221; _builder_version=&#8221;4.16&#8243; max_width=&#8221;1px&#8221; module_alignment=&#8221;center&#8221; height=&#8221;100px&#8221; global_colors_info=&#8221;{}&#8221;][\/et_pb_divider][\/et_pb_column][\/et_pb_row][et_pb_row _builder_version=&#8221;4.16&#8243; global_colors_info=&#8221;{}&#8221;][et_pb_column type=&#8221;4_4&#8243; _builder_version=&#8221;4.16&#8243; custom_padding=&#8221;|||&#8221; global_colors_info=&#8221;{}&#8221; custom_padding__hover=&#8221;|||&#8221;][et_pb_text admin_label=&#8221;Title&#8221; _builder_version=&#8221;4.16&#8243; text_font=&#8221;||||||||&#8221; header_font=&#8221;Oswald|700|on|on|||||&#8221; header_font_size=&#8221;4.9vw&#8221; header_letter_spacing=&#8221;0.18em&#8221; header_line_height=&#8221;1.4em&#8221; header_2_font=&#8221;||||||||&#8221; text_orientation=&#8221;center&#8221; background_layout=&#8221;dark&#8221; custom_margin=&#8221;||&#8221; custom_margin_tablet=&#8221;|||0vw&#8221; custom_margin_phone=&#8221;||0px&#8221; custom_margin_last_edited=&#8221;off|desktop&#8221; animation_style=&#8221;slide&#8221; animation_direction=&#8221;top&#8221; animation_delay=&#8221;100ms&#8221; animation_intensity_slide=&#8221;10%&#8221; header_font_size_tablet=&#8221;7.5vw&#8221; header_font_size_phone=&#8221;&#8221; header_font_size_last_edited=&#8221;on|phone&#8221; header_text_shadow_style=&#8221;preset3&#8243; header_text_shadow_blur_strength=&#8221;0.4em&#8221; header_text_shadow_color=&#8221;rgba(255,255,255,0.6)&#8221; global_colors_info=&#8221;{}&#8221; header_2_font_size__hover=&#8221;26px&#8221; header_2_font_size__hover_enabled=&#8221;26px&#8221; header_2_letter_spacing__hover=&#8221;0px&#8221; header_2_letter_spacing__hover_enabled=&#8221;0px&#8221; header_2_line_height__hover=&#8221;1em&#8221; header_2_line_height__hover_enabled=&#8221;1em&#8221; header_2_text_shadow_style__hover=&#8221;none&#8221; header_2_text_shadow_style__hover_enabled=&#8221;none&#8221; header_2_text_shadow_color__hover=&#8221;rgba(0,0,0,0.4)&#8221; header_2_text_shadow_color__hover_enabled=&#8221;rgba(0,0,0,0.4)&#8221;]<h1>pravilnik<\/h1>[\/et_pb_text][\/et_pb_column][\/et_pb_row][\/et_pb_section][et_pb_section fb_built=&#8221;1&#8243; admin_label=&#8221;About&#8221; _builder_version=&#8221;4.16&#8243; background_color=&#8221;#fbfcfd&#8221; custom_padding=&#8221;0|0px|54px|0px|false|false&#8221; global_colors_info=&#8221;{}&#8221;][et_pb_row _builder_version=&#8221;4.16&#8243; custom_width_px__hover=&#8221;1080px&#8221; custom_width_px__hover_enabled=&#8221;1080px&#8221; custom_width_percent__hover=&#8221;80%&#8221; custom_width_percent__hover_enabled=&#8221;80%&#8221; global_colors_info=&#8221;{}&#8221; gutter_width__hover=&#8221;3&#8243; gutter_width__hover_enabled=&#8221;3&#8243; parallax_1__hover=&#8221;off&#8221; parallax_1__hover_enabled=&#8221;off&#8221; parallax_2__hover=&#8221;off&#8221; parallax_2__hover_enabled=&#8221;off&#8221; parallax_3__hover=&#8221;off&#8221; parallax_3__hover_enabled=&#8221;off&#8221; parallax_4__hover=&#8221;off&#8221; parallax_4__hover_enabled=&#8221;off&#8221; parallax_5__hover=&#8221;off&#8221; parallax_5__hover_enabled=&#8221;off&#8221; parallax_6__hover=&#8221;off&#8221; parallax_6__hover_enabled=&#8221;off&#8221; parallax_method_1__hover=&#8221;on&#8221; parallax_method_1__hover_enabled=&#8221;on&#8221; parallax_method_2__hover=&#8221;on&#8221; parallax_method_2__hover_enabled=&#8221;on&#8221; parallax_method_3__hover=&#8221;on&#8221; parallax_method_3__hover_enabled=&#8221;on&#8221; parallax_method_4__hover=&#8221;on&#8221; parallax_method_4__hover_enabled=&#8221;on&#8221; parallax_method_5__hover=&#8221;on&#8221; parallax_method_5__hover_enabled=&#8221;on&#8221; parallax_method_6__hover=&#8221;on&#8221; parallax_method_6__hover_enabled=&#8221;on&#8221; use_background_color_gradient__hover=&#8221;off&#8221; use_background_color_gradient__hover_enabled=&#8221;off&#8221; background_color_gradient_start__hover=&#8221;#2b87da&#8221; background_color_gradient_start__hover_enabled=&#8221;#2b87da&#8221; background_color_gradient_end__hover=&#8221;#29c4a9&#8243; background_color_gradient_end__hover_enabled=&#8221;#29c4a9&#8243; background_color_gradient_type__hover=&#8221;linear&#8221; background_color_gradient_type__hover_enabled=&#8221;linear&#8221; background_color_gradient_direction__hover=&#8221;180deg&#8221; background_color_gradient_direction__hover_enabled=&#8221;180deg&#8221; background_color_gradient_direction_radial__hover=&#8221;center&#8221; background_color_gradient_direction_radial__hover_enabled=&#8221;center&#8221; background_color_gradient_start_position__hover=&#8221;0%&#8221; background_color_gradient_start_position__hover_enabled=&#8221;0%&#8221; background_color_gradient_end_position__hover=&#8221;100%&#8221; background_color_gradient_end_position__hover_enabled=&#8221;100%&#8221; background_color_gradient_overlays_image__hover=&#8221;off&#8221; background_color_gradient_overlays_image__hover_enabled=&#8221;off&#8221; parallax__hover=&#8221;off&#8221; parallax__hover_enabled=&#8221;off&#8221; parallax_method__hover=&#8221;on&#8221; parallax_method__hover_enabled=&#8221;on&#8221; background_size__hover=&#8221;cover&#8221; background_size__hover_enabled=&#8221;cover&#8221; background_position__hover=&#8221;center&#8221; background_position__hover_enabled=&#8221;center&#8221; background_repeat__hover=&#8221;no-repeat&#8221; background_repeat__hover_enabled=&#8221;no-repeat&#8221; background_blend__hover=&#8221;normal&#8221; background_blend__hover_enabled=&#8221;normal&#8221; allow_player_pause__hover=&#8221;off&#8221; allow_player_pause__hover_enabled=&#8221;off&#8221; background_video_pause_outside_viewport__hover=&#8221;on&#8221; background_video_pause_outside_viewport__hover_enabled=&#8221;on&#8221; make_fullwidth__hover=&#8221;off&#8221; make_fullwidth__hover_enabled=&#8221;off&#8221; use_custom_width__hover=&#8221;off&#8221; use_custom_width__hover_enabled=&#8221;off&#8221; width_unit__hover=&#8221;on&#8221; width_unit__hover_enabled=&#8221;on&#8221; use_custom_gutter__hover=&#8221;off&#8221; use_custom_gutter__hover_enabled=&#8221;off&#8221; make_equal__hover=&#8221;off&#8221; make_equal__hover_enabled=&#8221;off&#8221; border_radii__hover=&#8221;on||||&#8221; border_radii__hover_enabled=&#8221;on||||&#8221; box_shadow_style__hover=&#8221;none&#8221; box_shadow_style__hover_enabled=&#8221;none&#8221; box_shadow_color__hover=&#8221;rgba(0,0,0,0.3)&#8221; box_shadow_color__hover_enabled=&#8221;rgba(0,0,0,0.3)&#8221; filter_hue_rotate__hover=&#8221;0deg&#8221; filter_hue_rotate__hover_enabled=&#8221;0deg&#8221; filter_saturate__hover=&#8221;100%&#8221; filter_saturate__hover_enabled=&#8221;100%&#8221; filter_brightness__hover=&#8221;100%&#8221; filter_brightness__hover_enabled=&#8221;100%&#8221; filter_contrast__hover=&#8221;100%&#8221; filter_contrast__hover_enabled=&#8221;100%&#8221; filter_invert__hover=&#8221;0%&#8221; filter_invert__hover_enabled=&#8221;0%&#8221; filter_sepia__hover=&#8221;0%&#8221; filter_sepia__hover_enabled=&#8221;0%&#8221; filter_opacity__hover=&#8221;100%&#8221; filter_opacity__hover_enabled=&#8221;100%&#8221; filter_blur__hover=&#8221;0px&#8221; filter_blur__hover_enabled=&#8221;0px&#8221; mix_blend_mode__hover=&#8221;normal&#8221; mix_blend_mode__hover_enabled=&#8221;normal&#8221; animation_style__hover=&#8221;none&#8221; animation_style__hover_enabled=&#8221;none&#8221; animation_repeat__hover=&#8221;once&#8221; animation_repeat__hover_enabled=&#8221;once&#8221; animation_direction__hover=&#8221;center&#8221; animation_direction__hover_enabled=&#8221;center&#8221; animation_duration__hover=&#8221;1000ms&#8221; animation_duration__hover_enabled=&#8221;1000ms&#8221; animation_delay__hover=&#8221;0ms&#8221; animation_delay__hover_enabled=&#8221;0ms&#8221; animation_intensity_slide__hover=&#8221;50%&#8221; animation_intensity_slide__hover_enabled=&#8221;50%&#8221; animation_intensity_zoom__hover=&#8221;50%&#8221; animation_intensity_zoom__hover_enabled=&#8221;50%&#8221; animation_intensity_flip__hover=&#8221;50%&#8221; animation_intensity_flip__hover_enabled=&#8221;50%&#8221; animation_intensity_fold__hover=&#8221;50%&#8221; animation_intensity_fold__hover_enabled=&#8221;50%&#8221; animation_intensity_roll__hover=&#8221;50%&#8221; animation_intensity_roll__hover_enabled=&#8221;50%&#8221; animation_starting_opacity__hover=&#8221;0%&#8221; animation_starting_opacity__hover_enabled=&#8221;0%&#8221; animation_speed_curve__hover=&#8221;ease-in-out&#8221; animation_speed_curve__hover_enabled=&#8221;ease-in-out&#8221; hover_transition_duration__hover=&#8221;300ms&#8221; hover_transition_duration__hover_enabled=&#8221;300ms&#8221; hover_transition_delay__hover=&#8221;0ms&#8221; hover_transition_delay__hover_enabled=&#8221;0ms&#8221; hover_transition_speed_curve__hover=&#8221;ease&#8221; hover_transition_speed_curve__hover_enabled=&#8221;ease&#8221; background_color_gradient_stops__hover=&#8221;#2b87da 0%|#29c4a9 100%&#8221;][et_pb_column type=&#8221;4_4&#8243; _builder_version=&#8221;4.24.2&#8243; _module_preset=&#8221;default&#8221; global_colors_info=&#8221;{}&#8221;][et_pb_text admin_label=&#8221;Title&#8221; _builder_version=&#8221;4.24.2&#8243; text_font=&#8221;||||||||&#8221; ul_font=&#8221;||||||||&#8221; ol_font=&#8221;||||||||&#8221; header_font=&#8221;||||||||&#8221; header_2_font=&#8221;||||||||&#8221; header_3_font=&#8221;Oswald||on|on|||||&#8221; header_3_font_size=&#8221;12px&#8221; header_3_letter_spacing=&#8221;7px&#8221; header_3_line_height=&#8221;1.6em&#8221; header_4_font=&#8221;||||||||&#8221; header_5_font=&#8221;||||||||&#8221; header_6_font=&#8221;||||||||&#8221; custom_margin=&#8221;||0px|40px&#8221; custom_margin_tablet=&#8221;&#8221; custom_margin_phone=&#8221;|||0px&#8221; custom_margin_last_edited=&#8221;on|phone&#8221; custom_padding=&#8221;|5vw||&#8221; custom_padding_tablet=&#8221;&#8221; custom_padding_phone=&#8221;|0vw||&#8221; custom_padding_last_edited=&#8221;on|phone&#8221; animation_style=&#8221;slide&#8221; animation_direction=&#8221;left&#8221; animation_intensity_slide=&#8221;10%&#8221; header_3_font_size_tablet=&#8221;4vw&#8221; header_3_font_size_last_edited=&#8221;off|desktop&#8221; locked=&#8221;off&#8221; global_colors_info=&#8221;{}&#8221; header_font_size__hover=&#8221;30px&#8221; header_font_size__hover_enabled=&#8221;30px&#8221; header_letter_spacing__hover=&#8221;0px&#8221; header_letter_spacing__hover_enabled=&#8221;0px&#8221; header_text_shadow_style__hover=&#8221;none&#8221; header_text_shadow_style__hover_enabled=&#8221;none&#8221; header_text_shadow_color__hover=&#8221;rgba(0,0,0,0.4)&#8221; header_text_shadow_color__hover_enabled=&#8221;rgba(0,0,0,0.4)&#8221;]<h3>Pravilnik<\/h3>[\/et_pb_text][et_pb_divider color=&#8221;#ff4c00&#8243; divider_weight=&#8221;2px&#8221; _builder_version=&#8221;4.16&#8243; max_width=&#8221;70px&#8221; module_alignment=&#8221;left&#8221; height=&#8221;2px&#8221; custom_margin=&#8221;||8px|&#8221; animation_style=&#8221;fade&#8221; locked=&#8221;off&#8221; global_colors_info=&#8221;{}&#8221;][\/et_pb_divider][et_pb_text _builder_version=&#8221;4.24.2&#8243; text_line_height=&#8221;2em&#8221; animation_style=&#8221;fold&#8221; animation_direction=&#8221;left&#8221; animation_intensity_fold=&#8221;5%&#8221; animation_starting_opacity=&#8221;100%&#8221; locked=&#8221;off&#8221; global_colors_info=&#8221;{}&#8221;]<p><span>\u00a0Via Planinarika se odr\u017eava 6.9.2025., a start je na parkingu na Platku<\/span><\/p>\n<p><span>Staza je fizi\u010dki zahtjevna i sudionici moraju biti u dobroj fizi\u010dkoj spremi.<\/span><\/p>\n<p><span>U slu\u010daju da netko bude primoran odustati za vrijeme hoda, potrebno je da pozove na 0996068107 (Edo) i po njega \u0107e do\u0107i prijevoz i odvesti ga na zavr\u0161nu to\u010dku.<\/span><\/p>\n<p><span>Tura ne\u0107e biti vo\u0111ena ve\u0107 \u0107e sudionici dobiti gpx trag, a staza \u0107e biti ozna\u010dena planinarskim markacijama, a detalje o tome \u0107e sudionici dobiti na startu.<\/span><\/p>\n<p><span>Na cilju \u0107e biti osiguran obrok za sve sudionike. <\/span><\/p>\n<p><span>Via Planinarika nije utrka.<\/span><\/p>\n<p><span>Doga\u0111aju smiju pristupiti svi stariji od 18. godina ili maloljetnici u pratnji roditelja.<\/span><\/p>\n<p><span>Prijavom na doga\u0111aj svaki sudionik potvr\u0111uje da:<\/span><\/p>\n<ul>\n<li><span>Pristupa dragovoljno i na vlastitu odgovornost<\/span><\/li>\n<li><span>Organizator smije koristiti fotografije nastale za vrijeme doga\u0111aja i na du\u017eenju na cilju i to u svrhu internih potreba, a i javnih promid\u017ebenih aktivnosti<\/span><\/li>\n<li><span>Prikupljeni osobni podatci \u0107e se koristiti u svrhu interne komunikacije, ali ne i u javnim objavama<\/span><\/li>\n<\/ul>\n<p><strong><span>Pravila kretanja stazom<\/span><\/strong><\/p>\n<ul>\n<li><span>Po stazi se kre\u0107emo hodaju\u0107i ili tr\u010de\u0107i<\/span><\/li>\n<li><span>Po stazi ne ostavljamo sme\u0107e<\/span><\/li>\n<li><span>Od kontrolne to\u010dke do kontrolne to\u010dke se ne smije voziti bilo kakvim prijevoznim sredstvom pa tako ni romobilima, biciklima ili automobilima<\/span><\/li>\n<\/ul>\n<p><span>Ukoliko se sudionici ne budu pridr\u017eavali ovih pravila, organizator \u0107e im uskratiti dodjelu medalja koje potvr\u0111uju da su sudjelovali na doga\u0111aju. <\/span><\/p>\n<p><span>Ukoliko netko odustane za vrijeme doga\u0111aja tako\u0111er ne\u0107e \u0107e dobiti medalju za uspje\u0161no zavr\u0161enu stazu.<\/span><\/p>\n<p><strong><span>Satnica<\/span><\/strong><\/p>\n<p><span>&#8211; dolazak na stare u vlastitoj organizaciji <\/span><\/p>\n<p><span>&#8211; po\u010detak hoda izme\u0111u 6 i 7 sati<\/span><\/p>\n<p><span>&#8211; podjela toplog obroka po zavr\u0161etku staze<\/span><\/p>\n<p><span>&#8211; podjela medalja po zavr\u0161etku staze<\/span><\/p>\n<p><strong><span>\u00a0<\/span><\/strong><\/p>\n<p><strong><span>Sadr\u017eaj startnog paketa<\/span><\/strong><\/p>\n<ul>\n<li><span>Majica<\/span><\/li>\n<li><span>Platnena vre\u0107ica\/torbica<\/span><\/li>\n<li><span>Medalja<\/span><\/li>\n<li><span>Voda<\/span><\/li>\n<li><span>Obrok na kraju<\/span><\/li>\n<li><span>Vo\u0107e<\/span><\/li>\n<\/ul>\n<p><span>\u00a0<\/span><\/p>\n<p><strong><span>Otkazivanje doga\u0111aja<\/span><\/strong><\/p>\n<p><span>Doga\u0111aj se otkazuje samo u slu\u010daju ekstremnih vremenskih uvjeta.<\/span><\/p>\n<p><span>Otkazivanje od zatvaranja prijava na zahtjev sudionika \u2013 ne radi se povrat startnine<\/span><\/p>\n<p><span>Ukoliko organizator otka\u017ee ili promijeni termin sudionici mogu zatra\u017eiti povrat startnine<\/span><\/p>\n<p><span>\u00a0<\/span><\/p>\n<p><span>\u00a0<\/span><\/p>\n<p><span>Organizator:<\/span><\/p>\n<p><span>PD Tuhobi\u0107<\/span><\/p>[\/et_pb_text][\/et_pb_column][\/et_pb_row][\/et_pb_section][et_pb_section fb_built=&#8221;1&#8243; custom_padding_last_edited=&#8221;off|desktop&#8221; prev_background_color=&#8221;#fbfcfd&#8221; admin_label=&#8221;Footer&#8221; _builder_version=&#8221;4.24.2&#8243; use_background_color_gradient=&#8221;on&#8221; background_color_gradient_type=&#8221;circular&#8221; background_color_gradient_direction_radial=&#8221;bottom right&#8221; background_color_gradient_stops=&#8221;rgba(255,76,0,0.87) 0%|#ff4c00 100%&#8221; background_color_gradient_overlays_image=&#8221;on&#8221; background_color_gradient_start=&#8221;rgba(255,76,0,0.87)&#8221; background_color_gradient_end=&#8221;#ff4c00&#8243; background_image=&#8221;https:\/\/planinarika.com\/wp-content\/uploads\/2024\/08\/FB-cover.jpg&#8221; custom_padding=&#8221;13vw||10vw||false&#8221; custom_padding_tablet=&#8221;170px||50px|&#8221; top_divider_style=&#8221;arrow&#8221; top_divider_height=&#8221;10vw&#8221; top_divider_height_tablet=&#8221;80px&#8221; top_divider_height_phone=&#8221;80px&#8221; top_divider_height_last_edited=&#8221;off|desktop&#8221; bottom_divider_color=&#8221;#ffffff&#8221; bottom_divider_height=&#8221;200px&#8221; bottom_divider_repeat=&#8221;2x&#8221; bottom_divider_arrangement=&#8221;above_content&#8221; global_colors_info=&#8221;{}&#8221; top_divider_height__hover_enabled=&#8221;on&#8221; top_divider_height__hover=&#8221;12vw&#8221;][\/et_pb_section]","protected":false},"excerpt":{"rendered":"<p>pravilnikPravilnik\u00a0Via Planinarika se odr\u017eava 6.9.2025., a start je na parkingu na Platku Staza je fizi\u010dki zahtjevna i sudionici moraju biti u dobroj fizi\u010dkoj spremi. U slu\u010daju da netko bude primoran odustati za vrijeme hoda, potrebno je da pozove na 0996068107 (Edo) i po njega \u0107e do\u0107i prijevoz i odvesti ga na zavr\u0161nu to\u010dku. Tura ne\u0107e [&hellip;]<\/p>\n","protected":false},"author":1,"featured_media":0,"parent":0,"menu_order":0,"comment_status":"closed","ping_status":"closed","template":"","meta":{"_siteseo_robots_primary_cat":"","_et_pb_use_builder":"on","_et_pb_old_content":"","_et_gb_content_width":"","footnotes":""},"class_list":["post-67","page","type-page","status-publish","hentry"],"_links":{"self":[{"href":"https:\/\/planinarika.com\/index.php?rest_route=\/wp\/v2\/pages\/67","targetHints":{"allow":["GET"]}}],"collection":[{"href":"https:\/\/planinarika.com\/index.php?rest_route=\/wp\/v2\/pages"}],"about":[{"href":"https:\/\/planinarika.com\/index.php?rest_route=\/wp\/v2\/types\/page"}],"author":[{"embeddable":true,"href":"https:\/\/planinarika.com\/index.php?rest_route=\/wp\/v2\/users\/1"}],"replies":[{"embeddable":true,"href":"https:\/\/planinarika.com\/index.php?rest_route=%2Fwp%2Fv2%2Fcomments&post=67"}],"version-history":[{"count":7,"href":"https:\/\/planinarika.com\/index.php?rest_route=\/wp\/v2\/pages\/67\/revisions"}],"predecessor-version":[{"id":152,"href":"https:\/\/planinarika.com\/index.php?rest_route=\/wp\/v2\/pages\/67\/revisions\/152"}],"wp:attachment":[{"href":"https:\/\/planinarika.com\/index.php?rest_route=%2Fwp%2Fv2%2Fmedia&parent=67"}],"curies":[{"name":"wp","href":"https:\/\/api.w.org\/{rel}","templated":true}]}}